{"id":10504,"date":"2026-01-09T12:47:37","date_gmt":"2026-01-09T12:47:37","guid":{"rendered":"https:\/\/asuncionbustos.com\/?page_id=10504"},"modified":"2026-01-13T09:38:08","modified_gmt":"2026-01-13T09:38:08","slug":"wine-tourism-in-madrid-and-surrounding-areas","status":"publish","type":"page","link":"https:\/\/asuncionbustos.com\/en\/enoturismo-por-madrid-y-alrededores\/","title":{"rendered":"Wine tourism in Madrid and surrounding areas"},"content":{"rendered":"\t\t<div data-elementor-type=\"wp-page\" data-elementor-id=\"10504\" class=\"elementor elementor-10504\" data-elementor-post-type=\"page\">\n\t\t\t\t<div class=\"elementor-element elementor-element-6c13e10 e-flex e-con-boxed e-con e-parent\" data-id=\"6c13e10\" data-element_type=\"container\" data-e-type=\"container\">\n\t\t\t\t\t<div class=\"e-con-inner\">\n\t\t<div class=\"elementor-element elementor-element-72b7858 e-con-full e-flex e-con e-child\" data-id=\"72b7858\" data-element_type=\"container\" data-e-type=\"container\">\n\t\t\t\t<div class=\"elementor-element elementor-element-967be71 elementor-widget elementor-widget-breadcrumbs\" data-id=\"967be71\" data-element_type=\"widget\" data-e-type=\"widget\" data-widget_type=\"breadcrumbs.default\">\n\t\t\t\t<div class=\"elementor-widget-container\">\n\t\t\t\t\t<nav aria-label=\"breadcrumbs\" class=\"rank-math-breadcrumb\"><p><span class=\"last\">Inicio<\/span><\/p><\/nav>\t\t\t\t<\/div>\n\t\t\t\t<\/div>\n\t\t\t\t<div class=\"elementor-element elementor-element-341fefa elementor-widget elementor-widget-heading\" data-id=\"341fefa\" data-element_type=\"widget\" data-e-type=\"widget\" data-widget_type=\"heading.default\">\n\t\t\t\t\t<h2 class=\"elementor-heading-title elementor-size-default\">Enoturismo por Madrid y alrededores<\/h2>\t\t\t\t<\/div>\n\t\t\t\t<div class=\"elementor-element elementor-element-aee5341 elementor-widget__width-initial elementor-widget-tablet__width-inherit elementor-widget elementor-widget-text-editor\" data-id=\"aee5341\" data-element_type=\"widget\" data-e-type=\"widget\" data-widget_type=\"text-editor.default\">\n\t\t\t\t\t\t\t\t\t<p data-start=\"116\" data-end=\"388\">Disfruta de una experiencia de <strong data-start=\"147\" data-end=\"190\">enoturismo por Madrid y sus alrededores<\/strong>, visitando bodegas seleccionadas y descubriendo la riqueza vitivin\u00edcola de la regi\u00f3n. Una actividad perfecta para amantes del vino que quieren conocer de cerca su origen, elaboraci\u00f3n y tradiciones.<\/p><p data-start=\"390\" data-end=\"618\">Las visitas incluyen recorridos guiados, explicaciones sencillas y catas comentadas, pensadas para disfrutar y aprender en un ambiente cercano y relajado. Ideal para escapadas, grupos privados, celebraciones o planes diferentes.<\/p>\t\t\t\t\t\t\t\t<\/div>\n\t\t\t\t<\/div>\n\t\t<div class=\"elementor-element elementor-element-1452991 e-con-full e-flex e-con e-child\" data-id=\"1452991\" data-element_type=\"container\" data-e-type=\"container\">\n\t\t\t\t<div class=\"elementor-element elementor-element-636f17b elementor-widget elementor-widget-image\" data-id=\"636f17b\" data-element_type=\"widget\" data-e-type=\"widget\" data-settings=\"{&quot;sticky&quot;:&quot;top&quot;,&quot;sticky_offset&quot;:10,&quot;sticky_parent&quot;:&quot;yes&quot;,&quot;sticky_on&quot;:[&quot;desktop&quot;,&quot;tablet&quot;,&quot;mobile&quot;],&quot;sticky_effects_offset&quot;:0,&quot;sticky_anchor_link_offset&quot;:0}\" data-widget_type=\"image.default\">\n\t\t\t\t\t\t\t\t\t\t\t\t\t\t\t<img fetchpriority=\"high\" decoding=\"async\" width=\"2560\" height=\"1920\" src=\"https:\/\/asuncionbustos.com\/wp-content\/uploads\/2025\/11\/visita-bodegas-en-madrid-2_OP-scaled.webp\" class=\"attachment-full size-full wp-image-207\" alt=\"Catas y experiencias de vino en Madrid\" srcset=\"https:\/\/asuncionbustos.com\/wp-content\/uploads\/2025\/11\/visita-bodegas-en-madrid-2_OP-scaled.webp 2560w, https:\/\/asuncionbustos.com\/wp-content\/uploads\/2025\/11\/visita-bodegas-en-madrid-2_OP-300x225.webp 300w, https:\/\/asuncionbustos.com\/wp-content\/uploads\/2025\/11\/visita-bodegas-en-madrid-2_OP-1024x768.webp 1024w, https:\/\/asuncionbustos.com\/wp-content\/uploads\/2025\/11\/visita-bodegas-en-madrid-2_OP-768x576.webp 768w, https:\/\/asuncionbustos.com\/wp-content\/uploads\/2025\/11\/visita-bodegas-en-madrid-2_OP-1536x1152.webp 1536w, https:\/\/asuncionbustos.com\/wp-content\/uploads\/2025\/11\/visita-bodegas-en-madrid-2_OP-2048x1536.webp 2048w, https:\/\/asuncionbustos.com\/wp-content\/uploads\/2025\/11\/visita-bodegas-en-madrid-2_OP-600x450.webp 600w\" sizes=\"(max-width: 2560px) 100vw, 2560px\" title=\"\">\t\t\t\t\t\t\t\t\t\t\t\t\t\t\t<\/div>\n\t\t\t\t<\/div>\n\t\t\t\t\t<\/div>\n\t\t\t\t<\/div>\n\t\t<div class=\"elementor-element elementor-element-dcbb304 e-flex e-con-boxed e-con e-parent\" data-id=\"dcbb304\" data-element_type=\"container\" data-e-type=\"container\">\n\t\t\t\t\t<div class=\"e-con-inner\">\n\t\t\t\t<div class=\"elementor-element elementor-element-392a8e9 elementor-grid-4 elementor-grid-tablet-3 elementor-grid-mobile-2 elementor-products-grid elementor-wc-products elementor-widget elementor-widget-woocommerce-products\" data-id=\"392a8e9\" data-element_type=\"widget\" data-e-type=\"widget\" data-widget_type=\"woocommerce-products.default\">\n\t\t\t\t<div class=\"elementor-widget-container\">\n\t\t\t\t\t<div class=\"woocommerce columns-4 \"><ul class=\"products elementor-grid columns-4\">\n<li class=\"product type-product post-10477 status-publish first instock product_cat-enoturismo has-post-thumbnail sold-individually taxable shipping-taxable purchasable product-type-booking\">\n\t<a href=\"https:\/\/asuncionbustos.com\/en\/producto\/visita-a-bodegas\/\" class=\"woocommerce-LoopProduct-link woocommerce-loop-product__link\"><img decoding=\"async\" width=\"300\" height=\"300\" src=\"https:\/\/asuncionbustos.com\/wp-content\/uploads\/2025\/11\/visita-bodegas-en-madrid-2_OP-300x300.webp\" class=\"attachment-woocommerce_thumbnail size-woocommerce_thumbnail\" alt=\"Catas y experiencias de vino en Madrid\" srcset=\"https:\/\/asuncionbustos.com\/wp-content\/uploads\/2025\/11\/visita-bodegas-en-madrid-2_OP-300x300.webp 300w, https:\/\/asuncionbustos.com\/wp-content\/uploads\/2025\/11\/visita-bodegas-en-madrid-2_OP-150x150.webp 150w, https:\/\/asuncionbustos.com\/wp-content\/uploads\/2025\/11\/visita-bodegas-en-madrid-2_OP-100x100.webp 100w\" sizes=\"(max-width: 300px) 100vw, 300px\" title=\"\"><h2 class=\"woocommerce-loop-product__title\">Visita a la Bodega Torremilanos (Pospuesta por nevadas)<\/h2>\n\t<span class=\"price\">From: <span class=\"woocommerce-Price-amount amount\"><bdi>25,00&nbsp;<span class=\"woocommerce-Price-currencySymbol\">&euro;<\/span><\/bdi><\/span><\/span>\n<\/a><a href=\"https:\/\/asuncionbustos.com\/en\/producto\/visita-a-bodegas\/\" aria-describedby=\"woocommerce_loop_add_to_cart_link_describedby_10477\" data-quantity=\"1\" class=\"button product_type_booking add_to_cart_button\" data-product_id=\"10477\" data-product_sku=\"\" aria-label=\"Read more about &ldquo;Visita a la Bodega Torremilanos (Pospuesta por nevadas)&rdquo;\" rel=\"nofollow\">Read more<\/a>\t<span id=\"woocommerce_loop_add_to_cart_link_describedby_10477\" class=\"screen-reader-text\">\n\t\t\t<\/span>\n<\/li>\n<\/ul>\n<\/div>\t\t\t\t<\/div>\n\t\t\t\t<\/div>\n\t\t\t\t\t<\/div>\n\t\t\t\t<\/div>\n\t\t\t\t<\/div>\n\t\t","protected":false},"excerpt":{"rendered":"<p>Inicio Enoturismo por Madrid y alrededores Disfruta de una experiencia de enoturismo por Madrid y sus alrededores, visitando bodegas seleccionadas y descubriendo la riqueza vitivin\u00edcola de la regi\u00f3n. Una actividad perfecta para amantes del vino que quieren conocer de cerca su origen, elaboraci\u00f3n y tradiciones. Las visitas incluyen recorridos guiados, explicaciones sencillas y catas comentadas, [&hellip;]<\/p>\n","protected":false},"author":1,"featured_media":0,"parent":0,"menu_order":0,"comment_status":"closed","ping_status":"closed","template":"","meta":{"footnotes":""},"class_list":["post-10504","page","type-page","status-publish","hentry"],"_links":{"self":[{"href":"https:\/\/asuncionbustos.com\/en\/wp-json\/wp\/v2\/pages\/10504","targetHints":{"allow":["GET"]}}],"collection":[{"href":"https:\/\/asuncionbustos.com\/en\/wp-json\/wp\/v2\/pages"}],"about":[{"href":"https:\/\/asuncionbustos.com\/en\/wp-json\/wp\/v2\/types\/page"}],"author":[{"embeddable":true,"href":"https:\/\/asuncionbustos.com\/en\/wp-json\/wp\/v2\/users\/1"}],"replies":[{"embeddable":true,"href":"https:\/\/asuncionbustos.com\/en\/wp-json\/wp\/v2\/comments?post=10504"}],"version-history":[{"count":7,"href":"https:\/\/asuncionbustos.com\/en\/wp-json\/wp\/v2\/pages\/10504\/revisions"}],"predecessor-version":[{"id":10522,"href":"https:\/\/asuncionbustos.com\/en\/wp-json\/wp\/v2\/pages\/10504\/revisions\/10522"}],"wp:attachment":[{"href":"https:\/\/asuncionbustos.com\/en\/wp-json\/wp\/v2\/media?parent=10504"}],"curies":[{"name":"wp","href":"https:\/\/api.w.org\/{rel}","templated":true}]}}